{"id":288,"date":"2018-06-19T10:44:17","date_gmt":"2018-06-19T10:44:17","guid":{"rendered":"https:\/\/rosa-manufaktur.de\/index.php\/about-us-2\/"},"modified":"2020-10-26T10:45:51","modified_gmt":"2020-10-26T10:45:51","slug":"about-us-2","status":"publish","type":"page","link":"https:\/\/schreinerei-auerhammer.de\/index.php\/about-us-2\/","title":{"rendered":"Holzfenster"},"content":{"rendered":"\t\t<div data-elementor-type=\"wp-page\" data-elementor-id=\"288\" class=\"elementor elementor-288\">\n\t\t\t\t\t\t<section class=\"elementor-section elementor-top-section elementor-element elementor-element-c84ceff elementor-section-boxed elementor-section-height-default elementor-section-height-default\" data-id=\"c84ceff\" data-element_type=\"section\" data-e-type=\"section\">\n\t\t\t\t\t\t<div class=\"elementor-container elementor-column-gap-no\">\n\t\t\t\t\t<div class=\"aux-parallax-section elementor-column elementor-col-100 elementor-top-column elementor-element elementor-element-df6adc2\" data-id=\"df6adc2\" data-element_type=\"column\" data-e-type=\"column\">\n\t\t\t<div class=\"elementor-widget-wrap elementor-element-populated\">\n\t\t\t\t\t\t<div class=\"elementor-element elementor-element-3f768e2 elementor-widget elementor-widget-wp-widget-master-slider-main-widget\" data-id=\"3f768e2\" data-element_type=\"widget\" data-e-type=\"widget\" data-widget_type=\"wp-widget-master-slider-main-widget.default\">\n\t\t\t\t<div class=\"elementor-widget-container\">\n\t\t\t\t\t\n\t\t<!-- MasterSlider -->\n\t\t<div id=\"P_MS69e190e7895d2\" class=\"master-slider-parent msl ms-parent-id-4\" style=\"\">\n\n\t\t\t\n\t\t\t<!-- MasterSlider Main -->\n\t\t\t<div id=\"MS69e190e7895d2\" class=\"master-slider ms-skin-light-3\" >\n\t\t\t\t \t\t\t\t \n\t\t\t\t<div  class=\"ms-slide\" data-delay=\"3\" data-fill-mode=\"fill\"  >\n\t\t\t\t\t<img decoding=\"async\" src=\"https:\/\/schreinerei-auerhammer.de\/wp-content\/plugins\/master-slider\/public\/assets\/css\/blank.gif\" alt=\"\" title=\"\" data-src=\"https:\/\/schreinerei-auerhammer.de\/wp-content\/uploads\/2019\/12\/holzfenster-1.jpg\" \/>\n\n\n\t<div class=\"ms-thumb\" ><div class=\"ms-tab-context\"><div class=\"&quot;ms-tab-context&quot;\"><\/div><\/div>\n<\/div>\n\t\t\t\t<\/div>\n\t\t\t\t<div  class=\"ms-slide\" data-delay=\"3\" data-fill-mode=\"fill\"  >\n\t\t\t\t\t<img decoding=\"async\" src=\"https:\/\/schreinerei-auerhammer.de\/wp-content\/plugins\/master-slider\/public\/assets\/css\/blank.gif\" alt=\"\" title=\"\" data-src=\"https:\/\/schreinerei-auerhammer.de\/wp-content\/uploads\/2019\/12\/holzfenster-2.jpg\" \/>\n\n\n\t<div class=\"ms-thumb\" ><div class=\"ms-tab-context\"><div class=\"&quot;ms-tab-context&quot;\"><\/div><\/div>\n<\/div>\n\t\t\t\t<\/div>\n\n\t\t\t<\/div>\n\t\t\t<!-- END MasterSlider Main -->\n\n\t\t\t \n\t\t<\/div>\n\t\t<!-- END MasterSlider -->\n\n\t\t<script>\n\t\t(function ( $ ) {\n\t\t\t\"use strict\";\n\n\t\t\t$(function () {\n\t\t\t\tvar masterslider_95d2 = new MasterSlider();\n\n\t\t\t\t\/\/ slider controls\n\t\t\t\tmasterslider_95d2.control('bullets'    ,{ autohide:true, overVideo:true, dir:'h', align:'bottom' , margin:10  });\n\n\t\t\t\tmasterslider_95d2.control('circletimer',{ autohide:false, overVideo:true, color:'#434343', radius:10, stroke:3   });\n\t\t\t\tmasterslider_95d2.control('timebar'    ,{ autohide:false, overVideo:true, align:'bottom', color:'#FFFFFF'  , width:4 });\n\t\t\t\t\/\/ slider setup\n\t\t\t\tmasterslider_95d2.setup(\"MS69e190e7895d2\", {\n\t\t\t\t\t\twidth           : 1600,\n\t\t\t\t\t\theight          : 700,\n\t\t\t\t\t\tminHeight       : 0,\n\t\t\t\t\t\tspace           : 0,\n\t\t\t\t\t\tstart           : 1,\n\t\t\t\t\t\tgrabCursor      : false,\n\t\t\t\t\t\tswipe           : false,\n\t\t\t\t\t\tmouse           : false,\n\t\t\t\t\t\tlayout          : \"fullwidth\",\n\t\t\t\t\t\twheel           : false,\n\t\t\t\t\t\tautoplay        : true,\n\t\t\t\t\t\tinstantStartLayers:false,\n\t\t\t\t\t\tloop            : true,\n\t\t\t\t\t\tshuffle         : false,\n\t\t\t\t\t\tpreload         : 0,\n\t\t\t\t\t\theightLimit     : true,\n\t\t\t\t\t\tautoHeight      : false,\n\t\t\t\t\t\tsmoothHeight    : true,\n\t\t\t\t\t\tendPause        : false,\n\t\t\t\t\t\toverPause       : true,\n\t\t\t\t\t\tfillMode        : \"fill\",\n\t\t\t\t\t\tcenterControls  : true,\n\t\t\t\t\t\tstartOnAppear   : false,\n\t\t\t\t\t\tlayersMode      : \"center\",\n\t\t\t\t\t\thideLayers      : false,\n\t\t\t\t\t\tfullscreenMargin: 0,\n\t\t\t\t\t\tspeed           : 20,\n\t\t\t\t\t\tdir             : \"h\",\n\t\t\t\t\t\tparallaxMode    : 'swipe',\n\t\t\t\t\t\tview            : \"basic\"\n\t\t\t\t});\n\n\t\t\t\t\n\t\t\t\twindow.masterslider_instances = window.masterslider_instances || [];\n\t\t\t\twindow.masterslider_instances.push( masterslider_95d2 );\n\t\t\t });\n\n\t\t})(jQuery);\n\t\t<\/script>\n\n\t\t\t\t<\/div>\n\t\t\t\t<\/div>\n\t\t\t\t\t<\/div>\n\t\t<\/div>\n\t\t\t\t\t<\/div>\n\t\t<\/section>\n\t\t\t\t<section class=\"elementor-section elementor-top-section elementor-element elementor-element-286aca3 elementor-section-content-middle elementor-section-boxed elementor-section-height-default elementor-section-height-default\" data-id=\"286aca3\" data-element_type=\"section\" data-e-type=\"section\">\n\t\t\t\t\t\t<div class=\"elementor-container elementor-column-gap-default\">\n\t\t\t\t\t<div class=\"aux-parallax-section elementor-column elementor-col-33 elementor-top-column elementor-element elementor-element-129449c0\" data-id=\"129449c0\" data-element_type=\"column\" data-e-type=\"column\">\n\t\t\t<div class=\"elementor-widget-wrap elementor-element-populated\">\n\t\t\t\t\t\t<div class=\"elementor-element elementor-element-7a3f4dae elementor-widget elementor-widget-aux_modern_heading\" data-id=\"7a3f4dae\" data-element_type=\"widget\" data-e-type=\"widget\" data-widget_type=\"aux_modern_heading.default\">\n\t\t\t\t<div class=\"elementor-widget-container\">\n\t\t\t\t\t<section class=\"aux-widget-modern-heading\">\n            <div class=\"aux-widget-inner\"><h2 class=\"aux-modern-heading-primary\">Aus Liebe <br> zum Holz<\/h2><div class=\"aux-modern-heading-divider\"><\/div><div class=\"aux-modern-heading-description\"><p>Bis heute ist Holz einer der beliebtesten Rohstoffe beim Haus- und Wohnungsbau. Das Material steht fu\u0308r Behaglichkeit, schafft eine gemu\u0308tliche Wohnatmosph\u00e4re, sichert die natu\u0308rliche W\u00e4rmed\u00e4mmung und f\u00f6rdert ein gesundes Raumklima.<\/p><p>Unsere Holzfester fertigen wir in verschiedenen Gr\u00f6\u00dfen - vom Standard IV 68 Fenster (U-Wert 1,3 \u2013 1,4) bis hin zum Niedrigenergiefenster (U-Wert 0,9). Dabei verwenden wir ausschlie\u00dflich astfreies, mehrfachverleimtes Massivholz mit durchgehenden Decklagen in den Varianten Fichte, Kiefer, L\u00e4rche, Meranti und Eiche. Die Oberfl\u00e4chen k\u00f6nnen wir deckend oder lasiert und in jedem gewu\u0308nschten Farbton behandeln.<\/p><\/div><\/div>\n        <\/section>\t\t\t\t<\/div>\n\t\t\t\t<\/div>\n\t\t\t\t\t<\/div>\n\t\t<\/div>\n\t\t\t\t<div class=\"aux-parallax-section elementor-column elementor-col-33 elementor-top-column elementor-element elementor-element-7e63dd26\" data-id=\"7e63dd26\" data-element_type=\"column\" data-e-type=\"column\">\n\t\t\t<div class=\"elementor-widget-wrap\">\n\t\t\t\t\t\t\t<\/div>\n\t\t<\/div>\n\t\t\t\t<div class=\"aux-parallax-section elementor-column elementor-col-33 elementor-top-column elementor-element elementor-element-141684d2 aux-appear-watch-animation aux-scale-down\" data-id=\"141684d2\" data-element_type=\"column\" data-e-type=\"column\">\n\t\t\t<div class=\"elementor-widget-wrap elementor-element-populated\">\n\t\t\t\t\t\t<div class=\"elementor-element elementor-element-1951dfab elementor-widget elementor-widget-aux_image\" data-id=\"1951dfab\" data-element_type=\"widget\" data-e-type=\"widget\" data-widget_type=\"aux_image.default\">\n\t\t\t\t<div class=\"elementor-widget-container\">\n\t\t\t\t\t<section class=\"widget-container aux-widget-image aux-alignnone aux-parent-au93cdc14c\">\n    <div class=\"aux-media-hint-frame \">\n        <div class=\"aux-media-image \" >\n        \n            \n\n            \n            <img fetchpriority=\"high\" decoding=\"async\" width=\"784\" height=\"700\" src=\"data:image\/gif;base64,R0lGODlhAQABAIAAAAAAAP\/\/\/yH5BAEAAAAALAAAAAABAAEAAAIBRAA7\" class=\"aux-attachment aux-featured-image aux-attachment-id-949 aux-preload aux-blank\" alt=\"holzfenster-4\" data-ratio=\"1.12\" data-original-w=\"850\" sizes=\"auto\" data-srcset=\"https:\/\/schreinerei-auerhammer.de\/wp-content\/uploads\/2020\/03\/holzfenster-4-150x134.jpg 150w,https:\/\/schreinerei-auerhammer.de\/wp-content\/uploads\/2020\/03\/holzfenster-4-300x268.jpg 300w,https:\/\/schreinerei-auerhammer.de\/wp-content\/uploads\/2020\/03\/holzfenster-4-768x686.jpg 768w,https:\/\/schreinerei-auerhammer.de\/wp-content\/uploads\/2020\/03\/holzfenster-4-784x700.jpg 784w\" data-src=\"https:\/\/schreinerei-auerhammer.de\/wp-content\/uploads\/2020\/03\/holzfenster-4-784x700.jpg\" \/>            \n                <\/div>\n    <\/div>\n\n<\/section><!-- widget-container -->\t\t\t\t<\/div>\n\t\t\t\t<\/div>\n\t\t\t\t\t<\/div>\n\t\t<\/div>\n\t\t\t\t\t<\/div>\n\t\t<\/section>\n\t\t\t\t<\/div>\n\t\t","protected":false},"excerpt":{"rendered":"<p>Aus Liebe zum Holz Bis heute ist Holz einer der beliebtesten Rohstoffe beim Haus- und Wohnungsbau. Das Material steht fu\u0308r Behaglichkeit, schafft eine gemu\u0308tliche Wohnatmosph\u00e4re, sichert die natu\u0308rliche W\u00e4rmed\u00e4mmung und f\u00f6rdert ein gesundes Raumklima. Unsere Holzfester fertigen wir in verschiedenen Gr\u00f6\u00dfen &#8211; vom Standard IV 68 Fenster (U-Wert 1,3 \u2013 1,4) bis hin zum Niedrigenergiefenster [&hellip;]<\/p>\n","protected":false},"author":1,"featured_media":0,"parent":0,"menu_order":0,"comment_status":"closed","ping_status":"closed","template":"","meta":{"footnotes":""},"class_list":["post-288","page","type-page","status-publish","hentry"],"yoast_head":"<!-- This site is optimized with the Yoast SEO plugin v27.4 - https:\/\/yoast.com\/product\/yoast-seo-wordpress\/ -->\n<title>Holzfenster - Schreinerei Auerhammer<\/title>\n<meta name=\"robots\" content=\"index, follow, max-snippet:-1, max-image-preview:large, max-video-preview:-1\" \/>\n<link rel=\"canonical\" href=\"https:\/\/schreinerei-auerhammer.de\/index.php\/about-us-2\/\" \/>\n<meta property=\"og:locale\" content=\"de_DE\" \/>\n<meta property=\"og:type\" content=\"article\" \/>\n<meta property=\"og:title\" content=\"Holzfenster - Schreinerei Auerhammer\" \/>\n<meta property=\"og:description\" content=\"Aus Liebe zum Holz Bis heute ist Holz einer der beliebtesten Rohstoffe beim Haus- und Wohnungsbau. Das Material steht fu\u0308r Behaglichkeit, schafft eine gemu\u0308tliche Wohnatmosph\u00e4re, sichert die natu\u0308rliche W\u00e4rmed\u00e4mmung und f\u00f6rdert ein gesundes Raumklima. Unsere Holzfester fertigen wir in verschiedenen Gr\u00f6\u00dfen &#8211; vom Standard IV 68 Fenster (U-Wert 1,3 \u2013 1,4) bis hin zum Niedrigenergiefenster [&hellip;]\" \/>\n<meta property=\"og:url\" content=\"https:\/\/schreinerei-auerhammer.de\/index.php\/about-us-2\/\" \/>\n<meta property=\"og:site_name\" content=\"Schreinerei Auerhammer\" \/>\n<meta property=\"article:modified_time\" content=\"2020-10-26T10:45:51+00:00\" \/>\n<meta property=\"og:image\" content=\"\" \/>\n<meta name=\"twitter:card\" content=\"summary_large_image\" \/>\n<script type=\"application\/ld+json\" class=\"yoast-schema-graph\">{\"@context\":\"https:\\\/\\\/schema.org\",\"@graph\":[{\"@type\":\"WebPage\",\"@id\":\"https:\\\/\\\/schreinerei-auerhammer.de\\\/index.php\\\/about-us-2\\\/\",\"url\":\"https:\\\/\\\/schreinerei-auerhammer.de\\\/index.php\\\/about-us-2\\\/\",\"name\":\"Holzfenster - Schreinerei Auerhammer\",\"isPartOf\":{\"@id\":\"https:\\\/\\\/schreinerei-auerhammer.de\\\/#website\"},\"datePublished\":\"2018-06-19T10:44:17+00:00\",\"dateModified\":\"2020-10-26T10:45:51+00:00\",\"breadcrumb\":{\"@id\":\"https:\\\/\\\/schreinerei-auerhammer.de\\\/index.php\\\/about-us-2\\\/#breadcrumb\"},\"inLanguage\":\"de\",\"potentialAction\":[{\"@type\":\"ReadAction\",\"target\":[\"https:\\\/\\\/schreinerei-auerhammer.de\\\/index.php\\\/about-us-2\\\/\"]}]},{\"@type\":\"BreadcrumbList\",\"@id\":\"https:\\\/\\\/schreinerei-auerhammer.de\\\/index.php\\\/about-us-2\\\/#breadcrumb\",\"itemListElement\":[{\"@type\":\"ListItem\",\"position\":1,\"name\":\"Startseite\",\"item\":\"https:\\\/\\\/schreinerei-auerhammer.de\\\/\"},{\"@type\":\"ListItem\",\"position\":2,\"name\":\"Holzfenster\"}]},{\"@type\":\"WebSite\",\"@id\":\"https:\\\/\\\/schreinerei-auerhammer.de\\\/#website\",\"url\":\"https:\\\/\\\/schreinerei-auerhammer.de\\\/\",\"name\":\"Schreinerei Auerhammer\",\"description\":\"Fenster Haust\u00fcren Zimmert\u00fcren\",\"publisher\":{\"@id\":\"https:\\\/\\\/schreinerei-auerhammer.de\\\/#organization\"},\"potentialAction\":[{\"@type\":\"SearchAction\",\"target\":{\"@type\":\"EntryPoint\",\"urlTemplate\":\"https:\\\/\\\/schreinerei-auerhammer.de\\\/?s={search_term_string}\"},\"query-input\":{\"@type\":\"PropertyValueSpecification\",\"valueRequired\":true,\"valueName\":\"search_term_string\"}}],\"inLanguage\":\"de\"},{\"@type\":\"Organization\",\"@id\":\"https:\\\/\\\/schreinerei-auerhammer.de\\\/#organization\",\"name\":\"Schreinerei Auerhammer\",\"url\":\"https:\\\/\\\/schreinerei-auerhammer.de\\\/\",\"logo\":{\"@type\":\"ImageObject\",\"inLanguage\":\"de\",\"@id\":\"https:\\\/\\\/schreinerei-auerhammer.de\\\/#\\\/schema\\\/logo\\\/image\\\/\",\"url\":\"https:\\\/\\\/schreinerei-auerhammer.de\\\/wp-content\\\/uploads\\\/2018\\\/06\\\/Logo-HA-RZ.png\",\"contentUrl\":\"https:\\\/\\\/schreinerei-auerhammer.de\\\/wp-content\\\/uploads\\\/2018\\\/06\\\/Logo-HA-RZ.png\",\"width\":842,\"height\":595,\"caption\":\"Schreinerei Auerhammer\"},\"image\":{\"@id\":\"https:\\\/\\\/schreinerei-auerhammer.de\\\/#\\\/schema\\\/logo\\\/image\\\/\"}}]}<\/script>\n<!-- \/ Yoast SEO plugin. -->","yoast_head_json":{"title":"Holzfenster - Schreinerei Auerhammer","robots":{"index":"index","follow":"follow","max-snippet":"max-snippet:-1","max-image-preview":"max-image-preview:large","max-video-preview":"max-video-preview:-1"},"canonical":"https:\/\/schreinerei-auerhammer.de\/index.php\/about-us-2\/","og_locale":"de_DE","og_type":"article","og_title":"Holzfenster - Schreinerei Auerhammer","og_description":"Aus Liebe zum Holz Bis heute ist Holz einer der beliebtesten Rohstoffe beim Haus- und Wohnungsbau. Das Material steht fu\u0308r Behaglichkeit, schafft eine gemu\u0308tliche Wohnatmosph\u00e4re, sichert die natu\u0308rliche W\u00e4rmed\u00e4mmung und f\u00f6rdert ein gesundes Raumklima. Unsere Holzfester fertigen wir in verschiedenen Gr\u00f6\u00dfen &#8211; vom Standard IV 68 Fenster (U-Wert 1,3 \u2013 1,4) bis hin zum Niedrigenergiefenster [&hellip;]","og_url":"https:\/\/schreinerei-auerhammer.de\/index.php\/about-us-2\/","og_site_name":"Schreinerei Auerhammer","article_modified_time":"2020-10-26T10:45:51+00:00","og_image":[{"url":"data:image\/gif;base64,R0lGODlhAQABAIAAAAAAAP\/\/\/yH5BAEAAAAALAAAAAABAAEAAAIBRAA7","type":"","width":"","height":""}],"twitter_card":"summary_large_image","schema":{"@context":"https:\/\/schema.org","@graph":[{"@type":"WebPage","@id":"https:\/\/schreinerei-auerhammer.de\/index.php\/about-us-2\/","url":"https:\/\/schreinerei-auerhammer.de\/index.php\/about-us-2\/","name":"Holzfenster - Schreinerei Auerhammer","isPartOf":{"@id":"https:\/\/schreinerei-auerhammer.de\/#website"},"datePublished":"2018-06-19T10:44:17+00:00","dateModified":"2020-10-26T10:45:51+00:00","breadcrumb":{"@id":"https:\/\/schreinerei-auerhammer.de\/index.php\/about-us-2\/#breadcrumb"},"inLanguage":"de","potentialAction":[{"@type":"ReadAction","target":["https:\/\/schreinerei-auerhammer.de\/index.php\/about-us-2\/"]}]},{"@type":"BreadcrumbList","@id":"https:\/\/schreinerei-auerhammer.de\/index.php\/about-us-2\/#breadcrumb","itemListElement":[{"@type":"ListItem","position":1,"name":"Startseite","item":"https:\/\/schreinerei-auerhammer.de\/"},{"@type":"ListItem","position":2,"name":"Holzfenster"}]},{"@type":"WebSite","@id":"https:\/\/schreinerei-auerhammer.de\/#website","url":"https:\/\/schreinerei-auerhammer.de\/","name":"Schreinerei Auerhammer","description":"Fenster Haust\u00fcren Zimmert\u00fcren","publisher":{"@id":"https:\/\/schreinerei-auerhammer.de\/#organization"},"potentialAction":[{"@type":"SearchAction","target":{"@type":"EntryPoint","urlTemplate":"https:\/\/schreinerei-auerhammer.de\/?s={search_term_string}"},"query-input":{"@type":"PropertyValueSpecification","valueRequired":true,"valueName":"search_term_string"}}],"inLanguage":"de"},{"@type":"Organization","@id":"https:\/\/schreinerei-auerhammer.de\/#organization","name":"Schreinerei Auerhammer","url":"https:\/\/schreinerei-auerhammer.de\/","logo":{"@type":"ImageObject","inLanguage":"de","@id":"https:\/\/schreinerei-auerhammer.de\/#\/schema\/logo\/image\/","url":"https:\/\/schreinerei-auerhammer.de\/wp-content\/uploads\/2018\/06\/Logo-HA-RZ.png","contentUrl":"https:\/\/schreinerei-auerhammer.de\/wp-content\/uploads\/2018\/06\/Logo-HA-RZ.png","width":842,"height":595,"caption":"Schreinerei Auerhammer"},"image":{"@id":"https:\/\/schreinerei-auerhammer.de\/#\/schema\/logo\/image\/"}}]}},"_links":{"self":[{"href":"https:\/\/schreinerei-auerhammer.de\/index.php\/wp-json\/wp\/v2\/pages\/288","targetHints":{"allow":["GET"]}}],"collection":[{"href":"https:\/\/schreinerei-auerhammer.de\/index.php\/wp-json\/wp\/v2\/pages"}],"about":[{"href":"https:\/\/schreinerei-auerhammer.de\/index.php\/wp-json\/wp\/v2\/types\/page"}],"author":[{"embeddable":true,"href":"https:\/\/schreinerei-auerhammer.de\/index.php\/wp-json\/wp\/v2\/users\/1"}],"replies":[{"embeddable":true,"href":"https:\/\/schreinerei-auerhammer.de\/index.php\/wp-json\/wp\/v2\/comments?post=288"}],"version-history":[{"count":35,"href":"https:\/\/schreinerei-auerhammer.de\/index.php\/wp-json\/wp\/v2\/pages\/288\/revisions"}],"predecessor-version":[{"id":1038,"href":"https:\/\/schreinerei-auerhammer.de\/index.php\/wp-json\/wp\/v2\/pages\/288\/revisions\/1038"}],"wp:attachment":[{"href":"https:\/\/schreinerei-auerhammer.de\/index.php\/wp-json\/wp\/v2\/media?parent=288"}],"curies":[{"name":"wp","href":"https:\/\/api.w.org\/{rel}","templated":true}]}}