{"id":218,"date":"2019-11-12T14:08:08","date_gmt":"2019-11-12T14:08:08","guid":{"rendered":"https:\/\/Ammerfelder-Highland-Alpaka.de\/?page_id=218"},"modified":"2020-03-23T13:28:14","modified_gmt":"2020-03-23T13:28:14","slug":"impressum","status":"publish","type":"page","link":"https:\/\/schreinerei-auerhammer.de\/index.php\/impressum\/","title":{"rendered":"Impressum"},"content":{"rendered":"\t\t<div data-elementor-type=\"wp-page\" data-elementor-id=\"218\" class=\"elementor elementor-218\">\n\t\t\t\t\t\t<section class=\"elementor-section elementor-top-section elementor-element elementor-element-5add37a elementor-section-boxed elementor-section-height-default elementor-section-height-default\" data-id=\"5add37a\" data-element_type=\"section\" data-e-type=\"section\">\n\t\t\t\t\t\t<div class=\"elementor-container elementor-column-gap-default\">\n\t\t\t\t\t<div class=\"aux-parallax-section elementor-column elementor-col-100 elementor-top-column elementor-element elementor-element-00679b8\" data-id=\"00679b8\" data-element_type=\"column\" data-e-type=\"column\">\n\t\t\t<div class=\"elementor-widget-wrap\">\n\t\t\t\t\t\t\t<\/div>\n\t\t<\/div>\n\t\t\t\t\t<\/div>\n\t\t<\/section>\n\t\t\t\t<section class=\"elementor-section elementor-top-section elementor-element elementor-element-f21945c elementor-section-boxed elementor-section-height-default elementor-section-height-default\" data-id=\"f21945c\" data-element_type=\"section\" data-e-type=\"section\">\n\t\t\t\t\t\t<div class=\"elementor-container elementor-column-gap-default\">\n\t\t\t\t\t<div class=\"aux-parallax-section elementor-column elementor-col-100 elementor-top-column elementor-element elementor-element-9f8299a\" data-id=\"9f8299a\" data-element_type=\"column\" data-e-type=\"column\">\n\t\t\t<div class=\"elementor-widget-wrap elementor-element-populated\">\n\t\t\t\t\t\t<section class=\"elementor-section elementor-inner-section elementor-element elementor-element-dc574f8 elementor-section-boxed elementor-section-height-default elementor-section-height-default\" data-id=\"dc574f8\" data-element_type=\"section\" data-e-type=\"section\">\n\t\t\t\t\t\t<div class=\"elementor-container elementor-column-gap-default\">\n\t\t\t\t\t<div class=\"aux-parallax-section elementor-column elementor-col-50 elementor-inner-column elementor-element elementor-element-1f3f5e4\" data-id=\"1f3f5e4\" data-element_type=\"column\" data-e-type=\"column\">\n\t\t\t<div class=\"elementor-widget-wrap elementor-element-populated\">\n\t\t\t\t\t\t<div class=\"elementor-element elementor-element-05799c5 elementor-widget elementor-widget-aux_modern_heading\" data-id=\"05799c5\" data-element_type=\"widget\" data-e-type=\"widget\" data-widget_type=\"aux_modern_heading.default\">\n\t\t\t\t<div class=\"elementor-widget-container\">\n\t\t\t\t\t<section class=\"aux-widget-modern-heading\">\n            <div class=\"aux-widget-inner\"><h2 class=\"aux-modern-heading-primary\">IMPRESSUM<\/h2><div class=\"aux-modern-heading-divider\"><\/div><\/div>\n        <\/section>\t\t\t\t<\/div>\n\t\t\t\t<\/div>\n\t\t\t\t\t<\/div>\n\t\t<\/div>\n\t\t\t\t<div class=\"aux-parallax-section elementor-column elementor-col-50 elementor-inner-column elementor-element elementor-element-89d26df\" data-id=\"89d26df\" data-element_type=\"column\" data-e-type=\"column\">\n\t\t\t<div class=\"elementor-widget-wrap elementor-element-populated\">\n\t\t\t\t\t\t<div class=\"elementor-element elementor-element-b144b4d elementor-widget elementor-widget-text-editor\" data-id=\"b144b4d\" data-element_type=\"widget\" data-e-type=\"widget\" data-widget_type=\"text-editor.default\">\n\t\t\t\t<div class=\"elementor-widget-container\">\n\t\t\t\t\t\t\t\t\t<p>Schreinerei Auerhammer<br \/>Bonsaler Stra\u00dfe 16<br \/>86676 Buch<\/p><p>Tel. +49 (0)8435 920 154<br \/>Fax\u00a0+49 (0)8435 920 158<br \/>www.schreinerei-auerhammer.de<br \/>markus@schreinerei-auerhammer.de<\/p><p><strong>Streitschlichtung:<\/strong> Die Europ\u00e4ische Kommission stellt eine Plattform zur Online-Streitbeilegung (OS) bereit: https:\/\/ec.europa.eu\/consumers\/odr. Unsere E-Mail-Adresse finden Sie oben im Impressum.<\/p><p>Wir sind nicht bereit oder verpflichtet, an Streitbeilegungsverfahren vor einer Verbraucherschlichtungsstelle teilzunehmen.\u00a0<\/p><p><strong>Zust\u00e4ndige Kammer:<\/strong> Handwerkskammer f\u00fcr M\u00fcnchen und Oberbayern, Max-Jospeh-Stra\u00dfe 4, 80333 M\u00fcnnchen<\/p><p><b>Umsatzsteuer-Identifikationsnummer <\/b>gem\u00e4\u00df \u00a7 27 a Umsatzsteuergesetz: DE 21 16 09 193<\/p><p><span style=\"-webkit-font-kerning: none;\"><b>Inhaltlich Verantwortlich<\/b> gem\u00e4\u00df \u00a7 55 Abs. 2 RStV: Markus Auerhammer (Anschrift wie oben)<\/span><\/p><p><strong>Rechtliche Informationen<br \/><\/strong>Die Schreinerei Auerhammer bem\u00fcht sich, auf dieser Website richtige und vollst\u00e4ndige Informationen zur Verf\u00fcgung zu stellen. Die Schreinerei Auerhammer \u00fcbernimmt jedoch keine Haftung oder Garantie f\u00fcr die Aktualit\u00e4t, Richtigkeit und Vollst\u00e4ndigkeit der bereitgestellten Informationen. Ebenso k\u00f6nnen die Informationen typografische Fehler enthalten oder die Website technische Ungenauigkeiten aufweisen. Insbesondere \u00fcbernehmen wir keine Haftung oder Garantie f\u00fcr die Richtigkeit der auf dieser Website ver\u00f6ffentlichten Preise. Die Informationen stellt Schreinerei Auerhammer ohne jegliche Zusicherung oder Gew\u00e4hrleistung jedweder Art, sei sie ausdr\u00fccklich oder stillschweigend, zur Verf\u00fcgung. Ausgeschlossen sind auch alle stillschweigenden Gew\u00e4hrleistungen, welche die Handelsf\u00e4higkeit, die Eignung f\u00fcr bestimmte Zwecke oder den Nichtversto\u00df gegen Gesetze und Patente betreffen.<\/p><p>Die Schreinerei Auerhammer beh\u00e4lt sich das Recht vor, ohne vorherige Ank\u00fcndigung, \u00c4nderungen oder Erg\u00e4nzungen der bereitgestellten Informationen und der Preise vorzunehmen.<\/p><p>Die Schreinerei Auerhammer haftet auf keinen Fall beim Besucher der Website oder Dritten gegen\u00fcber f\u00fcr irgendwelche, direkten, indirekten, speziellen oder sonstigen Folgesch\u00e4den, die sich aus der Nutzung unserer Website oder einer damit verlinkten Website ergeben. Die Schreinerei Auerhammer \u00fcbernimmt keine Haftung oder Garantie f\u00fcr den Inhalt von Internetseiten, auf die die Website von Schreinerei Auerhammer direkt oder indirekt verweist. Die Besucher folgen den Links zu anderen Websites und Homepages auf eigene Gefahr und benutzen sie gem\u00e4\u00df den jeweils geltenden Nutzungsbedingungen der entsprechenden Websites. Dies gilt ebenso, wenn diese verlinkte Website m\u00f6glicherweise das Logo oder Produktbeschreibungen derSchreinerei Auerhammer aufweist.<\/p><p>Ausgeschlossen ist auch jegliche Haftung f\u00fcr entgangenen Gewinn, Betriebsunterbrechung, Verlust von Programmen oder sonstigen Daten im Informationssystem des Besuchers der Website, die aufgrund von oder in Verbindung mit Informationen entstehen, die auf unserer Website oder einer damit verlinkten Website bereitgehalten werden.<\/p><p>Die Schreinerei Auerhammer setzt voraus, dass es Aufgabe des Besuchers unserer Website ist, sicherzustellen, dass die von ihm genutzten Anwendungen frei von Viren, W\u00fcrmern, Trojanischen Pferden oder sonstigen Dingen zerst\u00f6rerischer Natur sind.<\/p><p>Der Inhalt dieser Website ist urheberrechtlich gesch\u00fctzt. Alle Texte, Bilder, Graphiken, Ton-, Video- und Animationsdateien sowie deren grafische Umsetzung unterliegen dem Urheberrecht und anderen Gesetzen zum Schutz geistigen Eigentums. Sie d\u00fcrfen weder f\u00fcr Handelszwecke oder zur Weitergabe kopiert, noch ver\u00e4ndert und auf anderen Websites verwendet werden. Die Website kann ebensolche Inhalte aufweisen, die dem Urheberrecht derjenigen unterliegen, die uns diese zur Verf\u00fcgung gestellt haben.<\/p><p><strong>Datenschutz<\/strong><br \/>Erhebung, Nutzung und Weitergabe personenbezogener Daten<\/p><p>Beim Besuch unserer Website speichert unser Internet Service Provider aufgrund von statistischen Erhebungen standardm\u00e4\u00dfig den Namen des Zugangsproviders des Besuchers, die Web-Adresse, von der aus auf unsere Website zugegriffen wurde, die einzelnen Seiten, die aus unserer Website aufgerufen wurden, sowie das Datum und die Dauer des Besuches.<\/p><p>Private Angaben zu Personen werden von uns nur dann erhoben, wenn der Besucher unserer Website uns diese von sich aus und freiwillig, zum Beispiel zur Durchf\u00fchrung eines Vertrages, einer Bestellung, zur Zusendung von Informationsmaterial oder einer Umfrage zusendet. Diese Daten werden nur f\u00fcr Zwecke der Vertrags- und Bestellabwicklung und der Bearbeitung der Besucheranfragen gespeichert, verarbeitet und genutzt. \u00dcbermittlungen personenbezogener Daten an staatliche Einrichtungen und Beh\u00f6rden erfolgen nur im Rahmen zwingender nationaler Rechtsvorschriften. Unsere Mitarbeiter, Agenturen und H\u00e4ndler sind von uns zur Vertraulichkeit verpflichtet.<\/p>\t\t\t\t\t\t\t\t<\/div>\n\t\t\t\t<\/div>\n\t\t\t\t\t<\/div>\n\t\t<\/div>\n\t\t\t\t\t<\/div>\n\t\t<\/section>\n\t\t\t\t\t<\/div>\n\t\t<\/div>\n\t\t\t\t\t<\/div>\n\t\t<\/section>\n\t\t\t\t<\/div>\n\t\t","protected":false},"excerpt":{"rendered":"<p>IMPRESSUM Schreinerei AuerhammerBonsaler Stra\u00dfe 1686676 Buch Tel. +49 (0)8435 920 154Fax\u00a0+49 (0)8435 920 158www.schreinerei-auerhammer.demarkus@schreinerei-auerhammer.de Streitschlichtung: Die Europ\u00e4ische Kommission stellt eine Plattform zur Online-Streitbeilegung (OS) bereit: https:\/\/ec.europa.eu\/consumers\/odr. Unsere E-Mail-Adresse finden Sie oben im Impressum. Wir sind nicht bereit oder verpflichtet, an Streitbeilegungsverfahren vor einer Verbraucherschlichtungsstelle teilzunehmen.\u00a0 Zust\u00e4ndige Kammer: Handwerkskammer f\u00fcr M\u00fcnchen und Oberbayern, Max-Jospeh-Stra\u00dfe 4, 80333 [&hellip;]<\/p>\n","protected":false},"author":1,"featured_media":0,"parent":0,"menu_order":0,"comment_status":"closed","ping_status":"closed","template":"","meta":{"footnotes":""},"class_list":["post-218","page","type-page","status-publish","hentry"],"yoast_head":"<!-- This site is optimized with the Yoast SEO plugin v27.5 - https:\/\/yoast.com\/product\/yoast-seo-wordpress\/ -->\n<title>Impressum - Schreinerei Auerhammer<\/title>\n<meta name=\"robots\" content=\"index, follow, max-snippet:-1, max-image-preview:large, max-video-preview:-1\" \/>\n<link rel=\"canonical\" href=\"https:\/\/schreinerei-auerhammer.de\/index.php\/impressum\/\" \/>\n<meta property=\"og:locale\" content=\"de_DE\" \/>\n<meta property=\"og:type\" content=\"article\" \/>\n<meta property=\"og:title\" content=\"Impressum - Schreinerei Auerhammer\" \/>\n<meta property=\"og:description\" content=\"IMPRESSUM Schreinerei AuerhammerBonsaler Stra\u00dfe 1686676 Buch Tel. +49 (0)8435 920 154Fax\u00a0+49 (0)8435 920 158www.schreinerei-auerhammer.demarkus@schreinerei-auerhammer.de Streitschlichtung: Die Europ\u00e4ische Kommission stellt eine Plattform zur Online-Streitbeilegung (OS) bereit: https:\/\/ec.europa.eu\/consumers\/odr. Unsere E-Mail-Adresse finden Sie oben im Impressum. Wir sind nicht bereit oder verpflichtet, an Streitbeilegungsverfahren vor einer Verbraucherschlichtungsstelle teilzunehmen.\u00a0 Zust\u00e4ndige Kammer: Handwerkskammer f\u00fcr M\u00fcnchen und Oberbayern, Max-Jospeh-Stra\u00dfe 4, 80333 [&hellip;]\" \/>\n<meta property=\"og:url\" content=\"https:\/\/schreinerei-auerhammer.de\/index.php\/impressum\/\" \/>\n<meta property=\"og:site_name\" content=\"Schreinerei Auerhammer\" \/>\n<meta property=\"article:modified_time\" content=\"2020-03-23T13:28:14+00:00\" \/>\n<meta name=\"twitter:card\" content=\"summary_large_image\" \/>\n<meta name=\"twitter:label1\" content=\"Gesch\u00e4tzte Lesezeit\" \/>\n\t<meta name=\"twitter:data1\" content=\"3\u00a0Minuten\" \/>\n<script type=\"application\/ld+json\" class=\"yoast-schema-graph\">{\"@context\":\"https:\\\/\\\/schema.org\",\"@graph\":[{\"@type\":\"WebPage\",\"@id\":\"https:\\\/\\\/schreinerei-auerhammer.de\\\/index.php\\\/impressum\\\/\",\"url\":\"https:\\\/\\\/schreinerei-auerhammer.de\\\/index.php\\\/impressum\\\/\",\"name\":\"Impressum - Schreinerei Auerhammer\",\"isPartOf\":{\"@id\":\"https:\\\/\\\/schreinerei-auerhammer.de\\\/#website\"},\"datePublished\":\"2019-11-12T14:08:08+00:00\",\"dateModified\":\"2020-03-23T13:28:14+00:00\",\"breadcrumb\":{\"@id\":\"https:\\\/\\\/schreinerei-auerhammer.de\\\/index.php\\\/impressum\\\/#breadcrumb\"},\"inLanguage\":\"de\",\"potentialAction\":[{\"@type\":\"ReadAction\",\"target\":[\"https:\\\/\\\/schreinerei-auerhammer.de\\\/index.php\\\/impressum\\\/\"]}]},{\"@type\":\"BreadcrumbList\",\"@id\":\"https:\\\/\\\/schreinerei-auerhammer.de\\\/index.php\\\/impressum\\\/#breadcrumb\",\"itemListElement\":[{\"@type\":\"ListItem\",\"position\":1,\"name\":\"Startseite\",\"item\":\"https:\\\/\\\/schreinerei-auerhammer.de\\\/\"},{\"@type\":\"ListItem\",\"position\":2,\"name\":\"Impressum\"}]},{\"@type\":\"WebSite\",\"@id\":\"https:\\\/\\\/schreinerei-auerhammer.de\\\/#website\",\"url\":\"https:\\\/\\\/schreinerei-auerhammer.de\\\/\",\"name\":\"Schreinerei Auerhammer\",\"description\":\"Fenster Haust\u00fcren Zimmert\u00fcren\",\"publisher\":{\"@id\":\"https:\\\/\\\/schreinerei-auerhammer.de\\\/#organization\"},\"potentialAction\":[{\"@type\":\"SearchAction\",\"target\":{\"@type\":\"EntryPoint\",\"urlTemplate\":\"https:\\\/\\\/schreinerei-auerhammer.de\\\/?s={search_term_string}\"},\"query-input\":{\"@type\":\"PropertyValueSpecification\",\"valueRequired\":true,\"valueName\":\"search_term_string\"}}],\"inLanguage\":\"de\"},{\"@type\":\"Organization\",\"@id\":\"https:\\\/\\\/schreinerei-auerhammer.de\\\/#organization\",\"name\":\"Schreinerei Auerhammer\",\"url\":\"https:\\\/\\\/schreinerei-auerhammer.de\\\/\",\"logo\":{\"@type\":\"ImageObject\",\"inLanguage\":\"de\",\"@id\":\"https:\\\/\\\/schreinerei-auerhammer.de\\\/#\\\/schema\\\/logo\\\/image\\\/\",\"url\":\"https:\\\/\\\/schreinerei-auerhammer.de\\\/wp-content\\\/uploads\\\/2018\\\/06\\\/Logo-HA-RZ.png\",\"contentUrl\":\"https:\\\/\\\/schreinerei-auerhammer.de\\\/wp-content\\\/uploads\\\/2018\\\/06\\\/Logo-HA-RZ.png\",\"width\":842,\"height\":595,\"caption\":\"Schreinerei Auerhammer\"},\"image\":{\"@id\":\"https:\\\/\\\/schreinerei-auerhammer.de\\\/#\\\/schema\\\/logo\\\/image\\\/\"}}]}<\/script>\n<!-- \/ Yoast SEO plugin. -->","yoast_head_json":{"title":"Impressum - Schreinerei Auerhammer","robots":{"index":"index","follow":"follow","max-snippet":"max-snippet:-1","max-image-preview":"max-image-preview:large","max-video-preview":"max-video-preview:-1"},"canonical":"https:\/\/schreinerei-auerhammer.de\/index.php\/impressum\/","og_locale":"de_DE","og_type":"article","og_title":"Impressum - Schreinerei Auerhammer","og_description":"IMPRESSUM Schreinerei AuerhammerBonsaler Stra\u00dfe 1686676 Buch Tel. +49 (0)8435 920 154Fax\u00a0+49 (0)8435 920 158www.schreinerei-auerhammer.demarkus@schreinerei-auerhammer.de Streitschlichtung: Die Europ\u00e4ische Kommission stellt eine Plattform zur Online-Streitbeilegung (OS) bereit: https:\/\/ec.europa.eu\/consumers\/odr. Unsere E-Mail-Adresse finden Sie oben im Impressum. Wir sind nicht bereit oder verpflichtet, an Streitbeilegungsverfahren vor einer Verbraucherschlichtungsstelle teilzunehmen.\u00a0 Zust\u00e4ndige Kammer: Handwerkskammer f\u00fcr M\u00fcnchen und Oberbayern, Max-Jospeh-Stra\u00dfe 4, 80333 [&hellip;]","og_url":"https:\/\/schreinerei-auerhammer.de\/index.php\/impressum\/","og_site_name":"Schreinerei Auerhammer","article_modified_time":"2020-03-23T13:28:14+00:00","twitter_card":"summary_large_image","twitter_misc":{"Gesch\u00e4tzte Lesezeit":"3\u00a0Minuten"},"schema":{"@context":"https:\/\/schema.org","@graph":[{"@type":"WebPage","@id":"https:\/\/schreinerei-auerhammer.de\/index.php\/impressum\/","url":"https:\/\/schreinerei-auerhammer.de\/index.php\/impressum\/","name":"Impressum - Schreinerei Auerhammer","isPartOf":{"@id":"https:\/\/schreinerei-auerhammer.de\/#website"},"datePublished":"2019-11-12T14:08:08+00:00","dateModified":"2020-03-23T13:28:14+00:00","breadcrumb":{"@id":"https:\/\/schreinerei-auerhammer.de\/index.php\/impressum\/#breadcrumb"},"inLanguage":"de","potentialAction":[{"@type":"ReadAction","target":["https:\/\/schreinerei-auerhammer.de\/index.php\/impressum\/"]}]},{"@type":"BreadcrumbList","@id":"https:\/\/schreinerei-auerhammer.de\/index.php\/impressum\/#breadcrumb","itemListElement":[{"@type":"ListItem","position":1,"name":"Startseite","item":"https:\/\/schreinerei-auerhammer.de\/"},{"@type":"ListItem","position":2,"name":"Impressum"}]},{"@type":"WebSite","@id":"https:\/\/schreinerei-auerhammer.de\/#website","url":"https:\/\/schreinerei-auerhammer.de\/","name":"Schreinerei Auerhammer","description":"Fenster Haust\u00fcren Zimmert\u00fcren","publisher":{"@id":"https:\/\/schreinerei-auerhammer.de\/#organization"},"potentialAction":[{"@type":"SearchAction","target":{"@type":"EntryPoint","urlTemplate":"https:\/\/schreinerei-auerhammer.de\/?s={search_term_string}"},"query-input":{"@type":"PropertyValueSpecification","valueRequired":true,"valueName":"search_term_string"}}],"inLanguage":"de"},{"@type":"Organization","@id":"https:\/\/schreinerei-auerhammer.de\/#organization","name":"Schreinerei Auerhammer","url":"https:\/\/schreinerei-auerhammer.de\/","logo":{"@type":"ImageObject","inLanguage":"de","@id":"https:\/\/schreinerei-auerhammer.de\/#\/schema\/logo\/image\/","url":"https:\/\/schreinerei-auerhammer.de\/wp-content\/uploads\/2018\/06\/Logo-HA-RZ.png","contentUrl":"https:\/\/schreinerei-auerhammer.de\/wp-content\/uploads\/2018\/06\/Logo-HA-RZ.png","width":842,"height":595,"caption":"Schreinerei Auerhammer"},"image":{"@id":"https:\/\/schreinerei-auerhammer.de\/#\/schema\/logo\/image\/"}}]}},"_links":{"self":[{"href":"https:\/\/schreinerei-auerhammer.de\/index.php\/wp-json\/wp\/v2\/pages\/218","targetHints":{"allow":["GET"]}}],"collection":[{"href":"https:\/\/schreinerei-auerhammer.de\/index.php\/wp-json\/wp\/v2\/pages"}],"about":[{"href":"https:\/\/schreinerei-auerhammer.de\/index.php\/wp-json\/wp\/v2\/types\/page"}],"author":[{"embeddable":true,"href":"https:\/\/schreinerei-auerhammer.de\/index.php\/wp-json\/wp\/v2\/users\/1"}],"replies":[{"embeddable":true,"href":"https:\/\/schreinerei-auerhammer.de\/index.php\/wp-json\/wp\/v2\/comments?post=218"}],"version-history":[{"count":33,"href":"https:\/\/schreinerei-auerhammer.de\/index.php\/wp-json\/wp\/v2\/pages\/218\/revisions"}],"predecessor-version":[{"id":1018,"href":"https:\/\/schreinerei-auerhammer.de\/index.php\/wp-json\/wp\/v2\/pages\/218\/revisions\/1018"}],"wp:attachment":[{"href":"https:\/\/schreinerei-auerhammer.de\/index.php\/wp-json\/wp\/v2\/media?parent=218"}],"curies":[{"name":"wp","href":"https:\/\/api.w.org\/{rel}","templated":true}]}}