{"id":190,"date":"2019-04-27T08:37:55","date_gmt":"2019-04-27T08:37:55","guid":{"rendered":"https:\/\/Ammerfelder-Highland-Alpaka.de\/index.php\/home-3\/"},"modified":"2020-10-26T10:50:09","modified_gmt":"2020-10-26T10:50:09","slug":"home-3","status":"publish","type":"page","link":"https:\/\/schreinerei-auerhammer.de\/","title":{"rendered":"Home"},"content":{"rendered":"\t\t<div data-elementor-type=\"wp-page\" data-elementor-id=\"190\" class=\"elementor elementor-190\">\n\t\t\t\t\t\t<section class=\"elementor-section elementor-top-section elementor-element elementor-element-a9c5783 elementor-section-content-top elementor-section-full_width elementor-section-height-default elementor-section-height-default\" data-id=\"a9c5783\" data-element_type=\"section\" data-e-type=\"section\">\n\t\t\t\t\t\t<div class=\"elementor-container elementor-column-gap-no\">\n\t\t\t\t\t<div class=\"aux-parallax-section elementor-column elementor-col-100 elementor-top-column elementor-element elementor-element-1d127a1\" data-id=\"1d127a1\" data-element_type=\"column\" data-e-type=\"column\">\n\t\t\t<div class=\"elementor-widget-wrap elementor-element-populated\">\n\t\t\t\t\t\t<div class=\"elementor-element elementor-element-07be6e8 elementor-widget elementor-widget-wp-widget-master-slider-main-widget\" data-id=\"07be6e8\" data-element_type=\"widget\" data-e-type=\"widget\" data-widget_type=\"wp-widget-master-slider-main-widget.default\">\n\t\t\t\t<div class=\"elementor-widget-container\">\n\t\t\t\t\t\n\t\t<!-- MasterSlider -->\n\t\t<div id=\"P_MS69fb21a49299b\" class=\"master-slider-parent msl ms-parent-id-1\" style=\"\">\n\n\t\t\t\n\t\t\t<!-- MasterSlider Main -->\n\t\t\t<div id=\"MS69fb21a49299b\" class=\"master-slider ms-skin-light-3\" >\n\t\t\t\t \t\t\t\t \n\t\t\t\t<div  class=\"ms-slide\" data-delay=\"3\" data-fill-mode=\"fill\"  >\n\t\t\t\t\t<img decoding=\"async\" src=\"https:\/\/schreinerei-auerhammer.de\/wp-content\/plugins\/master-slider\/public\/assets\/css\/blank.gif\" alt=\"\" title=\"\" data-src=\"https:\/\/schreinerei-auerhammer.de\/wp-content\/uploads\/2020\/11\/web_27352029.jpg\" \/>\n\n\n\t<div class=\"ms-thumb\" ><div class=\"ms-tab-context\"><div class=\"&quot;ms-tab-context&quot;\"><\/div><\/div>\n<\/div>\n\t\t\t\t<\/div>\n\t\t\t\t<div  class=\"ms-slide\" data-delay=\"3\" data-fill-mode=\"fill\"  >\n\t\t\t\t\t<img decoding=\"async\" src=\"https:\/\/schreinerei-auerhammer.de\/wp-content\/plugins\/master-slider\/public\/assets\/css\/blank.gif\" alt=\"\" title=\"\" data-src=\"https:\/\/schreinerei-auerhammer.de\/wp-content\/uploads\/2020\/11\/web_76149459.jpg\" \/>\n\n\n\t<div class=\"ms-thumb\" ><div class=\"ms-tab-context\"><div class=\"&quot;ms-tab-context&quot;\"><\/div><\/div>\n<\/div>\n\t\t\t\t<\/div>\n\n\t\t\t<\/div>\n\t\t\t<!-- END MasterSlider Main -->\n\n\t\t\t \n\t\t<\/div>\n\t\t<!-- END MasterSlider -->\n\n\t\t<script>\n\t\t(function ( $ ) {\n\t\t\t\"use strict\";\n\n\t\t\t$(function () {\n\t\t\t\tvar masterslider_299b = new MasterSlider();\n\n\t\t\t\t\/\/ slider controls\n\t\t\t\tmasterslider_299b.control('bullets'    ,{ autohide:true, overVideo:true, dir:'h', align:'bottom' , margin:10  });\n\n\t\t\t\tmasterslider_299b.control('circletimer',{ autohide:false, overVideo:true, color:'#434343', radius:10, stroke:3   });\n\t\t\t\tmasterslider_299b.control('timebar'    ,{ autohide:false, overVideo:true, align:'bottom', color:'#FFFFFF'  , width:4 });\n\t\t\t\t\/\/ slider setup\n\t\t\t\tmasterslider_299b.setup(\"MS69fb21a49299b\", {\n\t\t\t\t\t\twidth           : 1600,\n\t\t\t\t\t\theight          : 480,\n\t\t\t\t\t\tminHeight       : 0,\n\t\t\t\t\t\tspace           : 0,\n\t\t\t\t\t\tstart           : 1,\n\t\t\t\t\t\tgrabCursor      : false,\n\t\t\t\t\t\tswipe           : false,\n\t\t\t\t\t\tmouse           : false,\n\t\t\t\t\t\tlayout          : \"fullwidth\",\n\t\t\t\t\t\twheel           : false,\n\t\t\t\t\t\tautoplay        : true,\n\t\t\t\t\t\tinstantStartLayers:false,\n\t\t\t\t\t\tloop            : true,\n\t\t\t\t\t\tshuffle         : false,\n\t\t\t\t\t\tpreload         : 0,\n\t\t\t\t\t\theightLimit     : true,\n\t\t\t\t\t\tautoHeight      : true,\n\t\t\t\t\t\tsmoothHeight    : true,\n\t\t\t\t\t\tendPause        : false,\n\t\t\t\t\t\toverPause       : true,\n\t\t\t\t\t\tfillMode        : \"fill\",\n\t\t\t\t\t\tcenterControls  : true,\n\t\t\t\t\t\tstartOnAppear   : false,\n\t\t\t\t\t\tlayersMode      : \"center\",\n\t\t\t\t\t\thideLayers      : false,\n\t\t\t\t\t\tfullscreenMargin: 0,\n\t\t\t\t\t\tspeed           : 20,\n\t\t\t\t\t\tdir             : \"h\",\n\t\t\t\t\t\tparallaxMode    : 'swipe',\n\t\t\t\t\t\tview            : \"basic\"\n\t\t\t\t});\n\n\t\t\t\t\n\t\t\t\twindow.masterslider_instances = window.masterslider_instances || [];\n\t\t\t\twindow.masterslider_instances.push( masterslider_299b );\n\t\t\t });\n\n\t\t})(jQuery);\n\t\t<\/script>\n\n\t\t\t\t<\/div>\n\t\t\t\t<\/div>\n\t\t\t\t\t<\/div>\n\t\t<\/div>\n\t\t\t\t\t<\/div>\n\t\t<\/section>\n\t\t\t\t<section class=\"elementor-section elementor-top-section elementor-element elementor-element-e25036a elementor-section-boxed elementor-section-height-default elementor-section-height-default\" data-id=\"e25036a\" data-element_type=\"section\" data-e-type=\"section\">\n\t\t\t\t\t\t<div class=\"elementor-container elementor-column-gap-default\">\n\t\t\t\t\t<div class=\"aux-parallax-section elementor-column elementor-col-100 elementor-top-column elementor-element elementor-element-e808c08\" data-id=\"e808c08\" data-element_type=\"column\" data-e-type=\"column\">\n\t\t\t<div class=\"elementor-widget-wrap elementor-element-populated\">\n\t\t\t\t\t\t<div class=\"elementor-element elementor-element-531f77e elementor-widget elementor-widget-spacer\" data-id=\"531f77e\" data-element_type=\"widget\" data-e-type=\"widget\" data-widget_type=\"spacer.default\">\n\t\t\t\t<div class=\"elementor-widget-container\">\n\t\t\t\t\t\t\t<div class=\"elementor-spacer\">\n\t\t\t<div class=\"elementor-spacer-inner\"><\/div>\n\t\t<\/div>\n\t\t\t\t\t\t<\/div>\n\t\t\t\t<\/div>\n\t\t\t\t\t<\/div>\n\t\t<\/div>\n\t\t\t\t\t<\/div>\n\t\t<\/section>\n\t\t\t\t<section class=\"elementor-section elementor-top-section elementor-element elementor-element-9ccb5bd elementor-section-boxed elementor-section-height-default elementor-section-height-default\" data-id=\"9ccb5bd\" data-element_type=\"section\" data-e-type=\"section\">\n\t\t\t\t\t\t<div class=\"elementor-container elementor-column-gap-default\">\n\t\t\t\t\t<div class=\"aux-parallax-section elementor-column elementor-col-25 elementor-top-column elementor-element elementor-element-82f7967\" data-id=\"82f7967\" data-element_type=\"column\" data-e-type=\"column\">\n\t\t\t<div class=\"elementor-widget-wrap\">\n\t\t\t\t\t\t\t<\/div>\n\t\t<\/div>\n\t\t\t\t<div class=\"aux-parallax-section elementor-column elementor-col-25 elementor-top-column elementor-element elementor-element-a5a46c8\" data-id=\"a5a46c8\" data-element_type=\"column\" data-e-type=\"column\">\n\t\t\t<div class=\"elementor-widget-wrap elementor-element-populated\">\n\t\t\t\t\t\t<div class=\"elementor-element elementor-element-72df716 elementor-widget elementor-widget-aux_modern_heading\" data-id=\"72df716\" data-element_type=\"widget\" data-e-type=\"widget\" data-widget_type=\"aux_modern_heading.default\">\n\t\t\t\t<div class=\"elementor-widget-container\">\n\t\t\t\t\t<section class=\"aux-widget-modern-heading\">\n            <div class=\"aux-widget-inner\"><h2 class=\"aux-modern-heading-primary\">Schreiner aus Leidenschaft<\/h2><div class=\"aux-modern-heading-divider\"><\/div><\/div>\n        <\/section>\t\t\t\t<\/div>\n\t\t\t\t<\/div>\n\t\t\t\t\t<\/div>\n\t\t<\/div>\n\t\t\t\t<div class=\"aux-parallax-section elementor-column elementor-col-50 elementor-top-column elementor-element elementor-element-689f0a5\" data-id=\"689f0a5\" data-element_type=\"column\" data-e-type=\"column\">\n\t\t\t<div class=\"elementor-widget-wrap elementor-element-populated\">\n\t\t\t\t\t\t<div class=\"elementor-element elementor-element-cd2f7e9 elementor-widget elementor-widget-text-editor\" data-id=\"cd2f7e9\" data-element_type=\"widget\" data-e-type=\"widget\" data-widget_type=\"text-editor.default\">\n\t\t\t\t<div class=\"elementor-widget-container\">\n\t\t\t\t\t\t\t\t\t<p>Im kleinen Ort Buch, zwischen Augsburg und Ingolstadt, liegt unser Meisterbetrieb: die familiengefu\u0308hrte Schreinerei Auerhammer. Von hier aus bieten wir unseren Kunden passgenaue L\u00f6sungen fu\u0308r Zimmer- und Haustu\u0308ren und Fenster nach Ma\u00df. Grundlage unserer Arbeit sind erstklassige Materialien aus nachhaltigem Anbau, eine ausgepr\u00e4gte fachliche Kompetenz und schlie\u00dflich die Leidenschaft fu\u0308r eine pr\u00e4zise Verarbeitung. Jedes unserer Werkstu\u0308cke tr\u00e4gt am Ende eine besondere Handschrift und erg\u00e4nzt das Eigenheim in einer pers\u00f6nlichen Art und Weise. Dabei legen wir gr\u00f6\u00dften Wert auf eine enge und vertrauensvolle Zusammenarbeit \u2013 egal ob Sie Hauseigentu\u0308mer, Fachh\u00e4ndler oder Lieferant sind.<\/p>\t\t\t\t\t\t\t\t<\/div>\n\t\t\t\t<\/div>\n\t\t\t\t\t<\/div>\n\t\t<\/div>\n\t\t\t\t\t<\/div>\n\t\t<\/section>\n\t\t\t\t<\/div>\n\t\t","protected":false},"excerpt":{"rendered":"<p>Schreiner aus Leidenschaft Im kleinen Ort Buch, zwischen Augsburg und Ingolstadt, liegt unser Meisterbetrieb: die familiengefu\u0308hrte Schreinerei Auerhammer. Von hier aus bieten wir unseren Kunden passgenaue L\u00f6sungen fu\u0308r Zimmer- und Haustu\u0308ren und Fenster nach Ma\u00df. Grundlage unserer Arbeit sind erstklassige Materialien aus nachhaltigem Anbau, eine ausgepr\u00e4gte fachliche Kompetenz und schlie\u00dflich die Leidenschaft fu\u0308r eine pr\u00e4zise [&hellip;]<\/p>\n","protected":false},"author":1,"featured_media":0,"parent":0,"menu_order":0,"comment_status":"closed","ping_status":"closed","template":"","meta":{"footnotes":""},"class_list":["post-190","page","type-page","status-publish","hentry"],"yoast_head":"<!-- This site is optimized with the Yoast SEO plugin v27.5 - https:\/\/yoast.com\/product\/yoast-seo-wordpress\/ -->\n<title>Home - Schreinerei Auerhammer<\/title>\n<meta name=\"robots\" content=\"index, follow, max-snippet:-1, max-image-preview:large, max-video-preview:-1\" \/>\n<link rel=\"canonical\" href=\"https:\/\/schreinerei-auerhammer.de\/\" \/>\n<meta property=\"og:locale\" content=\"de_DE\" \/>\n<meta property=\"og:type\" content=\"article\" \/>\n<meta property=\"og:title\" content=\"Home - Schreinerei Auerhammer\" \/>\n<meta property=\"og:description\" content=\"Schreiner aus Leidenschaft Im kleinen Ort Buch, zwischen Augsburg und Ingolstadt, liegt unser Meisterbetrieb: die familiengefu\u0308hrte Schreinerei Auerhammer. Von hier aus bieten wir unseren Kunden passgenaue L\u00f6sungen fu\u0308r Zimmer- und Haustu\u0308ren und Fenster nach Ma\u00df. Grundlage unserer Arbeit sind erstklassige Materialien aus nachhaltigem Anbau, eine ausgepr\u00e4gte fachliche Kompetenz und schlie\u00dflich die Leidenschaft fu\u0308r eine pr\u00e4zise [&hellip;]\" \/>\n<meta property=\"og:url\" content=\"https:\/\/schreinerei-auerhammer.de\/\" \/>\n<meta property=\"og:site_name\" content=\"Schreinerei Auerhammer\" \/>\n<meta property=\"article:modified_time\" content=\"2020-10-26T10:50:09+00:00\" \/>\n<meta name=\"twitter:card\" content=\"summary_large_image\" \/>\n<meta name=\"twitter:label1\" content=\"Gesch\u00e4tzte Lesezeit\" \/>\n\t<meta name=\"twitter:data1\" content=\"1\u00a0Minute\" \/>\n<script type=\"application\/ld+json\" class=\"yoast-schema-graph\">{\"@context\":\"https:\\\/\\\/schema.org\",\"@graph\":[{\"@type\":\"WebPage\",\"@id\":\"https:\\\/\\\/schreinerei-auerhammer.de\\\/\",\"url\":\"https:\\\/\\\/schreinerei-auerhammer.de\\\/\",\"name\":\"Home - Schreinerei Auerhammer\",\"isPartOf\":{\"@id\":\"https:\\\/\\\/schreinerei-auerhammer.de\\\/#website\"},\"datePublished\":\"2019-04-27T08:37:55+00:00\",\"dateModified\":\"2020-10-26T10:50:09+00:00\",\"breadcrumb\":{\"@id\":\"https:\\\/\\\/schreinerei-auerhammer.de\\\/#breadcrumb\"},\"inLanguage\":\"de\",\"potentialAction\":[{\"@type\":\"ReadAction\",\"target\":[\"https:\\\/\\\/schreinerei-auerhammer.de\\\/\"]}]},{\"@type\":\"BreadcrumbList\",\"@id\":\"https:\\\/\\\/schreinerei-auerhammer.de\\\/#breadcrumb\",\"itemListElement\":[{\"@type\":\"ListItem\",\"position\":1,\"name\":\"Startseite\",\"item\":\"https:\\\/\\\/schreinerei-auerhammer.de\\\/\"},{\"@type\":\"ListItem\",\"position\":2,\"name\":\"Home\"}]},{\"@type\":\"WebSite\",\"@id\":\"https:\\\/\\\/schreinerei-auerhammer.de\\\/#website\",\"url\":\"https:\\\/\\\/schreinerei-auerhammer.de\\\/\",\"name\":\"Schreinerei Auerhammer\",\"description\":\"Fenster Haust\u00fcren Zimmert\u00fcren\",\"publisher\":{\"@id\":\"https:\\\/\\\/schreinerei-auerhammer.de\\\/#organization\"},\"potentialAction\":[{\"@type\":\"SearchAction\",\"target\":{\"@type\":\"EntryPoint\",\"urlTemplate\":\"https:\\\/\\\/schreinerei-auerhammer.de\\\/?s={search_term_string}\"},\"query-input\":{\"@type\":\"PropertyValueSpecification\",\"valueRequired\":true,\"valueName\":\"search_term_string\"}}],\"inLanguage\":\"de\"},{\"@type\":\"Organization\",\"@id\":\"https:\\\/\\\/schreinerei-auerhammer.de\\\/#organization\",\"name\":\"Schreinerei Auerhammer\",\"url\":\"https:\\\/\\\/schreinerei-auerhammer.de\\\/\",\"logo\":{\"@type\":\"ImageObject\",\"inLanguage\":\"de\",\"@id\":\"https:\\\/\\\/schreinerei-auerhammer.de\\\/#\\\/schema\\\/logo\\\/image\\\/\",\"url\":\"https:\\\/\\\/schreinerei-auerhammer.de\\\/wp-content\\\/uploads\\\/2018\\\/06\\\/Logo-HA-RZ.png\",\"contentUrl\":\"https:\\\/\\\/schreinerei-auerhammer.de\\\/wp-content\\\/uploads\\\/2018\\\/06\\\/Logo-HA-RZ.png\",\"width\":842,\"height\":595,\"caption\":\"Schreinerei Auerhammer\"},\"image\":{\"@id\":\"https:\\\/\\\/schreinerei-auerhammer.de\\\/#\\\/schema\\\/logo\\\/image\\\/\"}}]}<\/script>\n<!-- \/ Yoast SEO plugin. -->","yoast_head_json":{"title":"Home - Schreinerei Auerhammer","robots":{"index":"index","follow":"follow","max-snippet":"max-snippet:-1","max-image-preview":"max-image-preview:large","max-video-preview":"max-video-preview:-1"},"canonical":"https:\/\/schreinerei-auerhammer.de\/","og_locale":"de_DE","og_type":"article","og_title":"Home - Schreinerei Auerhammer","og_description":"Schreiner aus Leidenschaft Im kleinen Ort Buch, zwischen Augsburg und Ingolstadt, liegt unser Meisterbetrieb: die familiengefu\u0308hrte Schreinerei Auerhammer. Von hier aus bieten wir unseren Kunden passgenaue L\u00f6sungen fu\u0308r Zimmer- und Haustu\u0308ren und Fenster nach Ma\u00df. Grundlage unserer Arbeit sind erstklassige Materialien aus nachhaltigem Anbau, eine ausgepr\u00e4gte fachliche Kompetenz und schlie\u00dflich die Leidenschaft fu\u0308r eine pr\u00e4zise [&hellip;]","og_url":"https:\/\/schreinerei-auerhammer.de\/","og_site_name":"Schreinerei Auerhammer","article_modified_time":"2020-10-26T10:50:09+00:00","twitter_card":"summary_large_image","twitter_misc":{"Gesch\u00e4tzte Lesezeit":"1\u00a0Minute"},"schema":{"@context":"https:\/\/schema.org","@graph":[{"@type":"WebPage","@id":"https:\/\/schreinerei-auerhammer.de\/","url":"https:\/\/schreinerei-auerhammer.de\/","name":"Home - Schreinerei Auerhammer","isPartOf":{"@id":"https:\/\/schreinerei-auerhammer.de\/#website"},"datePublished":"2019-04-27T08:37:55+00:00","dateModified":"2020-10-26T10:50:09+00:00","breadcrumb":{"@id":"https:\/\/schreinerei-auerhammer.de\/#breadcrumb"},"inLanguage":"de","potentialAction":[{"@type":"ReadAction","target":["https:\/\/schreinerei-auerhammer.de\/"]}]},{"@type":"BreadcrumbList","@id":"https:\/\/schreinerei-auerhammer.de\/#breadcrumb","itemListElement":[{"@type":"ListItem","position":1,"name":"Startseite","item":"https:\/\/schreinerei-auerhammer.de\/"},{"@type":"ListItem","position":2,"name":"Home"}]},{"@type":"WebSite","@id":"https:\/\/schreinerei-auerhammer.de\/#website","url":"https:\/\/schreinerei-auerhammer.de\/","name":"Schreinerei Auerhammer","description":"Fenster Haust\u00fcren Zimmert\u00fcren","publisher":{"@id":"https:\/\/schreinerei-auerhammer.de\/#organization"},"potentialAction":[{"@type":"SearchAction","target":{"@type":"EntryPoint","urlTemplate":"https:\/\/schreinerei-auerhammer.de\/?s={search_term_string}"},"query-input":{"@type":"PropertyValueSpecification","valueRequired":true,"valueName":"search_term_string"}}],"inLanguage":"de"},{"@type":"Organization","@id":"https:\/\/schreinerei-auerhammer.de\/#organization","name":"Schreinerei Auerhammer","url":"https:\/\/schreinerei-auerhammer.de\/","logo":{"@type":"ImageObject","inLanguage":"de","@id":"https:\/\/schreinerei-auerhammer.de\/#\/schema\/logo\/image\/","url":"https:\/\/schreinerei-auerhammer.de\/wp-content\/uploads\/2018\/06\/Logo-HA-RZ.png","contentUrl":"https:\/\/schreinerei-auerhammer.de\/wp-content\/uploads\/2018\/06\/Logo-HA-RZ.png","width":842,"height":595,"caption":"Schreinerei Auerhammer"},"image":{"@id":"https:\/\/schreinerei-auerhammer.de\/#\/schema\/logo\/image\/"}}]}},"_links":{"self":[{"href":"https:\/\/schreinerei-auerhammer.de\/index.php\/wp-json\/wp\/v2\/pages\/190","targetHints":{"allow":["GET"]}}],"collection":[{"href":"https:\/\/schreinerei-auerhammer.de\/index.php\/wp-json\/wp\/v2\/pages"}],"about":[{"href":"https:\/\/schreinerei-auerhammer.de\/index.php\/wp-json\/wp\/v2\/types\/page"}],"author":[{"embeddable":true,"href":"https:\/\/schreinerei-auerhammer.de\/index.php\/wp-json\/wp\/v2\/users\/1"}],"replies":[{"embeddable":true,"href":"https:\/\/schreinerei-auerhammer.de\/index.php\/wp-json\/wp\/v2\/comments?post=190"}],"version-history":[{"count":57,"href":"https:\/\/schreinerei-auerhammer.de\/index.php\/wp-json\/wp\/v2\/pages\/190\/revisions"}],"predecessor-version":[{"id":1085,"href":"https:\/\/schreinerei-auerhammer.de\/index.php\/wp-json\/wp\/v2\/pages\/190\/revisions\/1085"}],"wp:attachment":[{"href":"https:\/\/schreinerei-auerhammer.de\/index.php\/wp-json\/wp\/v2\/media?parent=190"}],"curies":[{"name":"wp","href":"https:\/\/api.w.org\/{rel}","templated":true}]}}